{"id":48,"date":"2021-10-24T19:51:05","date_gmt":"2021-10-24T19:51:05","guid":{"rendered":"https:\/\/www.mestskepivovary.cz\/?page_id=48"},"modified":"2021-10-24T20:00:06","modified_gmt":"2021-10-24T20:00:06","slug":"nas-tym","status":"publish","type":"page","link":"https:\/\/www.mestskepivovary.cz\/index.php\/nas-tym\/","title":{"rendered":"N\u00e1\u0161 t\u00fdm"},"content":{"rendered":"\n<div class=\"wp-block-media-text alignwide is-stacked-on-mobile\"><figure class=\"wp-block-media-text__media\"><img decoding=\"async\" width=\"160\" height=\"160\" src=\"https:\/\/www.mestskepivovary.cz\/wp-content\/uploads\/2021\/10\/Obrazek1.png\" alt=\"\" class=\"wp-image-52 size-full\" srcset=\"https:\/\/www.mestskepivovary.cz\/wp-content\/uploads\/2021\/10\/Obrazek1.png 160w, https:\/\/www.mestskepivovary.cz\/wp-content\/uploads\/2021\/10\/Obrazek1-150x150.png 150w\" sizes=\"(max-width: 160px) 100vw, 160px\" \/><\/figure><div class=\"wp-block-media-text__content\">\n<h4 class=\"wp-block-heading\">MARTIN&nbsp;PACOVSK\u00dd<\/h4>\n\n\n\n<p>Founder<\/p>\n\n\n\n<p>Martin pracoval posledn\u00edch 15 let na vedouc\u00edch pozic\u00edch v mezin\u00e1rodn\u00edch spole\u010dnostech. P\u016fsobil ve st\u0159edn\u00ed a jihov\u00fdchodn\u00ed Evrop\u011b a Turecku. Po mnoha letech v zam\u011bstnaneck\u00e9m kab\u00e1t\u011b se Martin rozhodl, \u017ee je \u010das na zm\u011bnu. V pr\u00e1ci vyu\u017e\u00edv\u00e1 sv\u00e9 z\u00edskan\u00e9 zku\u0161enosti a nadhled i kontakty.<\/p>\n<\/div><\/div>\n\n\n\n<p><\/p>\n\n\n\n<div class=\"wp-block-media-text alignwide is-stacked-on-mobile\"><figure class=\"wp-block-media-text__media\"><img decoding=\"async\" src=\"https:\/\/www.mestskepivovary.cz\/wp-content\/uploads\/2021\/10\/Obrazek4.png\" alt=\"\" class=\"wp-image-55 size-full\"\/><\/figure><div class=\"wp-block-media-text__content\">\n<h4 class=\"wp-block-heading\">MIROSLAV&nbsp;HARA\u0160TA<\/h4>\n\n\n\n<p>Chief Beer Officer<\/p>\n\n\n\n<p>Mirek je d\u00edky sv\u00e9 pracovn\u00ed minulosti v\u00fdjime\u010dn\u011b komplexn\u00edm managerem v segmentu tolik milovan\u00e9m n\u00e1rodem, v pivu. B\u011bhem \u010dtrn\u00e1cti let ve spole\u010dnosti, kter\u00e1 je zn\u00e1ma pod zna\u010dkou Heineken, si pro\u0161el od p\u00edky \u0159adou pracovn\u00edch pozic, co\u017e mu dalo nesm\u00edrn\u011b mnoho zku\u0161enost\u00ed.<\/p>\n<\/div><\/div>\n","protected":false},"excerpt":{"rendered":"<p>MARTIN&nbsp;PACOVSK\u00dd Founder Martin pracoval posledn\u00edch 15 let na vedouc\u00edch pozic\u00edch v mezin\u00e1rodn\u00edch spole\u010dnostech. P\u016fsobil ve st\u0159edn\u00ed a jihov\u00fdchodn\u00ed Evrop\u011b a Turecku. Po mnoha letech v zam\u011bstnaneck\u00e9m kab\u00e1t\u011b se Martin rozhodl, \u017ee je \u010das na zm\u011bnu. V pr\u00e1ci vyu\u017e\u00edv\u00e1 sv\u00e9 z\u00edskan\u00e9 [&hellip;]<\/p>\n","protected":false},"author":1,"featured_media":0,"parent":0,"menu_order":0,"comment_status":"closed","ping_status":"closed","template":"","meta":{"footnotes":""},"class_list":["post-48","page","type-page","status-publish","hentry"],"yoast_head":"<!-- This site is optimized with the Yoast SEO plugin v27.5 - https:\/\/yoast.com\/product\/yoast-seo-wordpress\/ -->\n<title>N\u00e1\u0161 t\u00fdm | M\u011bstsk\u00e9 pivovary a.s.<\/title>\n<meta name=\"robots\" content=\"index, follow, max-snippet:-1, max-image-preview:large, max-video-preview:-1\" \/>\n<link rel=\"canonical\" href=\"https:\/\/www.mestskepivovary.cz\/index.php\/nas-tym\/\" \/>\n<meta property=\"og:locale\" content=\"cs_CZ\" \/>\n<meta property=\"og:type\" content=\"article\" \/>\n<meta property=\"og:title\" content=\"N\u00e1\u0161 t\u00fdm | M\u011bstsk\u00e9 pivovary a.s.\" \/>\n<meta property=\"og:description\" content=\"MARTIN&nbsp;PACOVSK\u00dd Founder Martin pracoval posledn\u00edch 15 let na vedouc\u00edch pozic\u00edch v mezin\u00e1rodn\u00edch spole\u010dnostech. P\u016fsobil ve st\u0159edn\u00ed a jihov\u00fdchodn\u00ed Evrop\u011b a Turecku. Po mnoha letech v zam\u011bstnaneck\u00e9m kab\u00e1t\u011b se Martin rozhodl, \u017ee je \u010das na zm\u011bnu. V pr\u00e1ci vyu\u017e\u00edv\u00e1 sv\u00e9 z\u00edskan\u00e9 [&hellip;]\" \/>\n<meta property=\"og:url\" content=\"https:\/\/www.mestskepivovary.cz\/index.php\/nas-tym\/\" \/>\n<meta property=\"og:site_name\" content=\"M\u011bstsk\u00e9 pivovary a.s.\" \/>\n<meta property=\"article:modified_time\" content=\"2021-10-24T20:00:06+00:00\" \/>\n<meta property=\"og:image\" content=\"https:\/\/www.mestskepivovary.cz\/wp-content\/uploads\/2021\/10\/Obrazek1.png\" \/>\n<meta name=\"twitter:card\" content=\"summary_large_image\" \/>\n<meta name=\"twitter:label1\" content=\"Odhadovan\u00e1 doba \u010dten\u00ed\" \/>\n\t<meta name=\"twitter:data1\" content=\"1 minuta\" \/>\n<script type=\"application\/ld+json\" class=\"yoast-schema-graph\">{\"@context\":\"https:\\\/\\\/schema.org\",\"@graph\":[{\"@type\":\"WebPage\",\"@id\":\"https:\\\/\\\/www.mestskepivovary.cz\\\/index.php\\\/nas-tym\\\/\",\"url\":\"https:\\\/\\\/www.mestskepivovary.cz\\\/index.php\\\/nas-tym\\\/\",\"name\":\"N\u00e1\u0161 t\u00fdm | M\u011bstsk\u00e9 pivovary a.s.\",\"isPartOf\":{\"@id\":\"https:\\\/\\\/www.mestskepivovary.cz\\\/#website\"},\"primaryImageOfPage\":{\"@id\":\"https:\\\/\\\/www.mestskepivovary.cz\\\/index.php\\\/nas-tym\\\/#primaryimage\"},\"image\":{\"@id\":\"https:\\\/\\\/www.mestskepivovary.cz\\\/index.php\\\/nas-tym\\\/#primaryimage\"},\"thumbnailUrl\":\"https:\\\/\\\/www.mestskepivovary.cz\\\/wp-content\\\/uploads\\\/2021\\\/10\\\/Obrazek1.png\",\"datePublished\":\"2021-10-24T19:51:05+00:00\",\"dateModified\":\"2021-10-24T20:00:06+00:00\",\"breadcrumb\":{\"@id\":\"https:\\\/\\\/www.mestskepivovary.cz\\\/index.php\\\/nas-tym\\\/#breadcrumb\"},\"inLanguage\":\"cs\",\"potentialAction\":[{\"@type\":\"ReadAction\",\"target\":[\"https:\\\/\\\/www.mestskepivovary.cz\\\/index.php\\\/nas-tym\\\/\"]}]},{\"@type\":\"ImageObject\",\"inLanguage\":\"cs\",\"@id\":\"https:\\\/\\\/www.mestskepivovary.cz\\\/index.php\\\/nas-tym\\\/#primaryimage\",\"url\":\"https:\\\/\\\/www.mestskepivovary.cz\\\/wp-content\\\/uploads\\\/2021\\\/10\\\/Obrazek1.png\",\"contentUrl\":\"https:\\\/\\\/www.mestskepivovary.cz\\\/wp-content\\\/uploads\\\/2021\\\/10\\\/Obrazek1.png\",\"width\":160,\"height\":160},{\"@type\":\"BreadcrumbList\",\"@id\":\"https:\\\/\\\/www.mestskepivovary.cz\\\/index.php\\\/nas-tym\\\/#breadcrumb\",\"itemListElement\":[{\"@type\":\"ListItem\",\"position\":1,\"name\":\"Dom\u016f\",\"item\":\"https:\\\/\\\/www.mestskepivovary.cz\\\/\"},{\"@type\":\"ListItem\",\"position\":2,\"name\":\"N\u00e1\u0161 t\u00fdm\"}]},{\"@type\":\"WebSite\",\"@id\":\"https:\\\/\\\/www.mestskepivovary.cz\\\/#website\",\"url\":\"https:\\\/\\\/www.mestskepivovary.cz\\\/\",\"name\":\"M\u011bstsk\u00e9 pivovary a.s.\",\"description\":\"Va\u0159\u00edme budoucnost m\u011bstsk\u00fdch \u0159emesln\u00fdch pivovar\u016f \",\"publisher\":{\"@id\":\"https:\\\/\\\/www.mestskepivovary.cz\\\/#organization\"},\"potentialAction\":[{\"@type\":\"SearchAction\",\"target\":{\"@type\":\"EntryPoint\",\"urlTemplate\":\"https:\\\/\\\/www.mestskepivovary.cz\\\/?s={search_term_string}\"},\"query-input\":{\"@type\":\"PropertyValueSpecification\",\"valueRequired\":true,\"valueName\":\"search_term_string\"}}],\"inLanguage\":\"cs\"},{\"@type\":\"Organization\",\"@id\":\"https:\\\/\\\/www.mestskepivovary.cz\\\/#organization\",\"name\":\"M\u011bstsk\u00e9 pivovary\",\"url\":\"https:\\\/\\\/www.mestskepivovary.cz\\\/\",\"logo\":{\"@type\":\"ImageObject\",\"inLanguage\":\"cs\",\"@id\":\"https:\\\/\\\/www.mestskepivovary.cz\\\/#\\\/schema\\\/logo\\\/image\\\/\",\"url\":\"https:\\\/\\\/www.mestskepivovary.cz\\\/wp-content\\\/uploads\\\/2021\\\/11\\\/cropped-cropped-logo-MP1.jpg\",\"contentUrl\":\"https:\\\/\\\/www.mestskepivovary.cz\\\/wp-content\\\/uploads\\\/2021\\\/11\\\/cropped-cropped-logo-MP1.jpg\",\"width\":512,\"height\":512,\"caption\":\"M\u011bstsk\u00e9 pivovary\"},\"image\":{\"@id\":\"https:\\\/\\\/www.mestskepivovary.cz\\\/#\\\/schema\\\/logo\\\/image\\\/\"},\"sameAs\":[\"https:\\\/\\\/www.linkedin.com\\\/company\\\/mestske-pivovary\\\/\"]}]}<\/script>\n<!-- \/ Yoast SEO plugin. -->","yoast_head_json":{"title":"N\u00e1\u0161 t\u00fdm | M\u011bstsk\u00e9 pivovary a.s.","robots":{"index":"index","follow":"follow","max-snippet":"max-snippet:-1","max-image-preview":"max-image-preview:large","max-video-preview":"max-video-preview:-1"},"canonical":"https:\/\/www.mestskepivovary.cz\/index.php\/nas-tym\/","og_locale":"cs_CZ","og_type":"article","og_title":"N\u00e1\u0161 t\u00fdm | M\u011bstsk\u00e9 pivovary a.s.","og_description":"MARTIN&nbsp;PACOVSK\u00dd Founder Martin pracoval posledn\u00edch 15 let na vedouc\u00edch pozic\u00edch v mezin\u00e1rodn\u00edch spole\u010dnostech. P\u016fsobil ve st\u0159edn\u00ed a jihov\u00fdchodn\u00ed Evrop\u011b a Turecku. Po mnoha letech v zam\u011bstnaneck\u00e9m kab\u00e1t\u011b se Martin rozhodl, \u017ee je \u010das na zm\u011bnu. V pr\u00e1ci vyu\u017e\u00edv\u00e1 sv\u00e9 z\u00edskan\u00e9 [&hellip;]","og_url":"https:\/\/www.mestskepivovary.cz\/index.php\/nas-tym\/","og_site_name":"M\u011bstsk\u00e9 pivovary a.s.","article_modified_time":"2021-10-24T20:00:06+00:00","og_image":[{"url":"https:\/\/www.mestskepivovary.cz\/wp-content\/uploads\/2021\/10\/Obrazek1.png","type":"","width":"","height":""}],"twitter_card":"summary_large_image","twitter_misc":{"Odhadovan\u00e1 doba \u010dten\u00ed":"1 minuta"},"schema":{"@context":"https:\/\/schema.org","@graph":[{"@type":"WebPage","@id":"https:\/\/www.mestskepivovary.cz\/index.php\/nas-tym\/","url":"https:\/\/www.mestskepivovary.cz\/index.php\/nas-tym\/","name":"N\u00e1\u0161 t\u00fdm | M\u011bstsk\u00e9 pivovary a.s.","isPartOf":{"@id":"https:\/\/www.mestskepivovary.cz\/#website"},"primaryImageOfPage":{"@id":"https:\/\/www.mestskepivovary.cz\/index.php\/nas-tym\/#primaryimage"},"image":{"@id":"https:\/\/www.mestskepivovary.cz\/index.php\/nas-tym\/#primaryimage"},"thumbnailUrl":"https:\/\/www.mestskepivovary.cz\/wp-content\/uploads\/2021\/10\/Obrazek1.png","datePublished":"2021-10-24T19:51:05+00:00","dateModified":"2021-10-24T20:00:06+00:00","breadcrumb":{"@id":"https:\/\/www.mestskepivovary.cz\/index.php\/nas-tym\/#breadcrumb"},"inLanguage":"cs","potentialAction":[{"@type":"ReadAction","target":["https:\/\/www.mestskepivovary.cz\/index.php\/nas-tym\/"]}]},{"@type":"ImageObject","inLanguage":"cs","@id":"https:\/\/www.mestskepivovary.cz\/index.php\/nas-tym\/#primaryimage","url":"https:\/\/www.mestskepivovary.cz\/wp-content\/uploads\/2021\/10\/Obrazek1.png","contentUrl":"https:\/\/www.mestskepivovary.cz\/wp-content\/uploads\/2021\/10\/Obrazek1.png","width":160,"height":160},{"@type":"BreadcrumbList","@id":"https:\/\/www.mestskepivovary.cz\/index.php\/nas-tym\/#breadcrumb","itemListElement":[{"@type":"ListItem","position":1,"name":"Dom\u016f","item":"https:\/\/www.mestskepivovary.cz\/"},{"@type":"ListItem","position":2,"name":"N\u00e1\u0161 t\u00fdm"}]},{"@type":"WebSite","@id":"https:\/\/www.mestskepivovary.cz\/#website","url":"https:\/\/www.mestskepivovary.cz\/","name":"M\u011bstsk\u00e9 pivovary a.s.","description":"Va\u0159\u00edme budoucnost m\u011bstsk\u00fdch \u0159emesln\u00fdch pivovar\u016f ","publisher":{"@id":"https:\/\/www.mestskepivovary.cz\/#organization"},"potentialAction":[{"@type":"SearchAction","target":{"@type":"EntryPoint","urlTemplate":"https:\/\/www.mestskepivovary.cz\/?s={search_term_string}"},"query-input":{"@type":"PropertyValueSpecification","valueRequired":true,"valueName":"search_term_string"}}],"inLanguage":"cs"},{"@type":"Organization","@id":"https:\/\/www.mestskepivovary.cz\/#organization","name":"M\u011bstsk\u00e9 pivovary","url":"https:\/\/www.mestskepivovary.cz\/","logo":{"@type":"ImageObject","inLanguage":"cs","@id":"https:\/\/www.mestskepivovary.cz\/#\/schema\/logo\/image\/","url":"https:\/\/www.mestskepivovary.cz\/wp-content\/uploads\/2021\/11\/cropped-cropped-logo-MP1.jpg","contentUrl":"https:\/\/www.mestskepivovary.cz\/wp-content\/uploads\/2021\/11\/cropped-cropped-logo-MP1.jpg","width":512,"height":512,"caption":"M\u011bstsk\u00e9 pivovary"},"image":{"@id":"https:\/\/www.mestskepivovary.cz\/#\/schema\/logo\/image\/"},"sameAs":["https:\/\/www.linkedin.com\/company\/mestske-pivovary\/"]}]}},"jetpack_sharing_enabled":true,"_links":{"self":[{"href":"https:\/\/www.mestskepivovary.cz\/index.php\/wp-json\/wp\/v2\/pages\/48","targetHints":{"allow":["GET"]}}],"collection":[{"href":"https:\/\/www.mestskepivovary.cz\/index.php\/wp-json\/wp\/v2\/pages"}],"about":[{"href":"https:\/\/www.mestskepivovary.cz\/index.php\/wp-json\/wp\/v2\/types\/page"}],"author":[{"embeddable":true,"href":"https:\/\/www.mestskepivovary.cz\/index.php\/wp-json\/wp\/v2\/users\/1"}],"replies":[{"embeddable":true,"href":"https:\/\/www.mestskepivovary.cz\/index.php\/wp-json\/wp\/v2\/comments?post=48"}],"version-history":[{"count":4,"href":"https:\/\/www.mestskepivovary.cz\/index.php\/wp-json\/wp\/v2\/pages\/48\/revisions"}],"predecessor-version":[{"id":59,"href":"https:\/\/www.mestskepivovary.cz\/index.php\/wp-json\/wp\/v2\/pages\/48\/revisions\/59"}],"wp:attachment":[{"href":"https:\/\/www.mestskepivovary.cz\/index.php\/wp-json\/wp\/v2\/media?parent=48"}],"curies":[{"name":"wp","href":"https:\/\/api.w.org\/{rel}","templated":true}]}}